{"id":420,"date":"2026-03-27T16:20:09","date_gmt":"2026-03-27T16:20:09","guid":{"rendered":"https:\/\/1swp-staging-2.ovh\/?page_id=420"},"modified":"2026-04-01T15:16:44","modified_gmt":"2026-04-01T15:16:44","slug":"mentions-legales","status":"publish","type":"page","link":"https:\/\/1swp-staging-2.ovh\/index.php\/mentions-legales\/","title":{"rendered":"Mentions l\u00e9gales"},"content":{"rendered":"\t\t<div data-elementor-type=\"wp-page\" data-elementor-id=\"420\" class=\"elementor elementor-420\" data-elementor-post-type=\"page\">\n\t\t\t\t<div class=\"elementor-element elementor-element-35b0f107 e-flex e-con-boxed e-con e-parent\" data-id=\"35b0f107\" data-element_type=\"container\" data-e-type=\"container\">\n\t\t\t\t\t<div class=\"e-con-inner\">\n\t\t\t\t\t<\/div>\n\t\t\t\t<\/div>\n\t\t<div class=\"elementor-element elementor-element-55a136dc e-con-full e-flex e-con e-parent\" data-id=\"55a136dc\" data-element_type=\"container\" data-e-type=\"container\" data-settings=\"{&quot;background_background&quot;:&quot;classic&quot;}\">\n\t\t<div class=\"elementor-element elementor-element-2c88e4ba e-con-full e-flex e-con e-child\" data-id=\"2c88e4ba\" data-element_type=\"container\" data-e-type=\"container\" data-settings=\"{&quot;background_background&quot;:&quot;classic&quot;}\">\n\t\t\t\t<div class=\"elementor-element elementor-element-60e5d704 elementor-widget elementor-widget-heading\" data-id=\"60e5d704\" data-element_type=\"widget\" data-e-type=\"widget\" data-widget_type=\"heading.default\">\n\t\t\t\t\t<h2 class=\"elementor-heading-title elementor-size-default\">R\u00e8glement g\u00e9n\u00e9ral sur la protection des donn\u00e9es<\/h2>\t\t\t\t<\/div>\n\t\t\t\t<div class=\"elementor-element elementor-element-1298ba9 elementor-widget elementor-widget-text-editor\" data-id=\"1298ba9\" data-element_type=\"widget\" data-e-type=\"widget\" data-widget_type=\"text-editor.default\">\n\t\t\t\t\t\t\t\t\t<p>Le site <strong>jda-architecte.fr<\/strong> s&rsquo;engage \u00e0 ce que la collecte et le traitement de vos donn\u00e9es, effectu\u00e9s \u00e0 partir du site, soient conformes au r\u00e8glement g\u00e9n\u00e9ral sur la protection des donn\u00e9es (RGPD). Chaque formulaire ou t\u00e9l\u00e9service limite la collecte des donn\u00e9es personnelles au strict n\u00e9cessaire (minimisation des donn\u00e9es) et indique notamment :<\/p><ul><li>quels sont les objectifs du recueil de ces donn\u00e9es,<\/li><li>si ces donn\u00e9es sont obligatoires ou facultatives pour la gestion de votre demande,<\/li><li>qui pourra en prendre connaissance, uniquement le propri\u00e9taire du site en principe (d\u00e9nomination ci-dessous), sauf pr\u00e9cision dans le formulaire lorsqu&rsquo;une transmission \u00e0 un tiers est n\u00e9cessaire \u00e0 la gestion de votre demande,<\/li><\/ul><p>Les donn\u00e9es personnelles recueillies dans le cadre des services propos\u00e9s sur le site sont trait\u00e9es selon des protocoles s\u00e9curis\u00e9s et permettent au propri\u00e9taire du site de g\u00e9rer les demandes re\u00e7ues dans ses applications informatiques.<\/p><p>Pour toute information ou exercice de vos droits Informatique et Libert\u00e9s sur les traitements de donn\u00e9es personnelles g\u00e9r\u00e9s sur ce site, vous pouvez contacter le propri\u00e9taire du site et \u00e9ventuellement son d\u00e9l\u00e9gu\u00e9 \u00e0 la protection des donn\u00e9es (DPO), si existant.<\/p>\t\t\t\t\t\t\t\t<\/div>\n\t\t\t\t<\/div>\n\t\t<div class=\"elementor-element elementor-element-28106065 e-con-full e-flex e-con e-child\" data-id=\"28106065\" data-element_type=\"container\" data-e-type=\"container\" data-settings=\"{&quot;background_background&quot;:&quot;classic&quot;}\">\n\t\t\t\t<div class=\"elementor-element elementor-element-2613e76f elementor-widget elementor-widget-heading\" data-id=\"2613e76f\" data-element_type=\"widget\" data-e-type=\"widget\" data-widget_type=\"heading.default\">\n\t\t\t\t\t<h2 class=\"elementor-heading-title elementor-size-default\">Utilisation de cookies<\/h2>\t\t\t\t<\/div>\n\t\t\t\t<div class=\"elementor-element elementor-element-767cd514 elementor-widget elementor-widget-text-editor\" data-id=\"767cd514\" data-element_type=\"widget\" data-e-type=\"widget\" data-widget_type=\"text-editor.default\">\n\t\t\t\t\t\t\t\t\t<p>Les cookies permettent d\u2019enregistrer les informations (non personnelles) relatives \u00e0 la navigation des utilisateurs sur internet. Les cookies d\u00e9pos\u00e9s par ce site ont pour objectif l\u2019am\u00e9lioration de l\u2019exp\u00e9rience de navigation des visiteurs ainsi que l\u2019optimisation des statistiques. Ceux-ci ne seront utilis\u00e9s que dans le cadre de votre navigation sur le pr\u00e9sent site internet.<\/p><p><strong>Pour davantage de d\u00e9tails sur les cookies, merci de vous r\u00e9f\u00e9rer \u00e0 la page Politique de confidentialit\u00e9 pr\u00e9sente en pied de page.<\/strong><\/p>\t\t\t\t\t\t\t\t<\/div>\n\t\t\t\t<\/div>\n\t\t<div class=\"elementor-element elementor-element-498dfea9 e-con-full e-flex e-con e-child\" data-id=\"498dfea9\" data-element_type=\"container\" data-e-type=\"container\" data-settings=\"{&quot;background_background&quot;:&quot;classic&quot;}\">\n\t\t\t\t<div class=\"elementor-element elementor-element-4cded553 elementor-widget elementor-widget-heading\" data-id=\"4cded553\" data-element_type=\"widget\" data-e-type=\"widget\" data-widget_type=\"heading.default\">\n\t\t\t\t\t<h2 class=\"elementor-heading-title elementor-size-default\">Propri\u00e9taire du site<\/h2>\t\t\t\t<\/div>\n\t\t\t\t<div class=\"elementor-element elementor-element-6cd763df elementor-widget elementor-widget-text-editor\" data-id=\"6cd763df\" data-element_type=\"widget\" data-e-type=\"widget\" data-widget_type=\"text-editor.default\">\n\t\t\t\t\t\t\t\t\t<p><strong>JDA &#8211; Mme Julie Douissard<br \/><\/strong>802, chemin de Biaron<br \/>38410 Vaulnaveys-Le-Haut<br \/>SIRET : 88938184400014\u00a0<br \/>E-mail : <a href=\"mailto:julie@jda-architecte.fr\" target=\"_blank\" rel=\"noopener\">julie@jda-architecte.fr<\/a><br \/>N\u00b0 de t\u00e9l\u00e9phone : <a href=\"tel:0673940899\" target=\"_blank\" rel=\"noopener\">06 73 94 08 99<\/a><\/p>\t\t\t\t\t\t\t\t<\/div>\n\t\t\t\t<\/div>\n\t\t<div class=\"elementor-element elementor-element-2ffa8080 e-con-full e-flex e-con e-child\" data-id=\"2ffa8080\" data-element_type=\"container\" data-e-type=\"container\" data-settings=\"{&quot;background_background&quot;:&quot;classic&quot;}\">\n\t\t\t\t<div class=\"elementor-element elementor-element-2ec50a5 elementor-widget elementor-widget-heading\" data-id=\"2ec50a5\" data-element_type=\"widget\" data-e-type=\"widget\" data-widget_type=\"heading.default\">\n\t\t\t\t\t<h2 class=\"elementor-heading-title elementor-size-default\">Liens Hypertexte<\/h2>\t\t\t\t<\/div>\n\t\t\t\t<div class=\"elementor-element elementor-element-61abb07a elementor-widget elementor-widget-text-editor\" data-id=\"61abb07a\" data-element_type=\"widget\" data-e-type=\"widget\" data-widget_type=\"text-editor.default\">\n\t\t\t\t\t\t\t\t\t<p>Le propri\u00e9taire du site ne contr\u00f4le pas les sites en connexion avec le sien, et ne saurait donc \u00eatre responsable de leur contenu. Les risques li\u00e9s \u00e0 l&rsquo;utilisation de ces sites incombent pleinement \u00e0 l&rsquo;utilisateur. Il se conformera \u00e0 leurs conditions d&rsquo;utilisation.<\/p>\t\t\t\t\t\t\t\t<\/div>\n\t\t\t\t<\/div>\n\t\t<div class=\"elementor-element elementor-element-1d107214 e-con-full e-flex e-con e-child\" data-id=\"1d107214\" data-element_type=\"container\" data-e-type=\"container\" data-settings=\"{&quot;background_background&quot;:&quot;classic&quot;}\">\n\t\t\t\t<div class=\"elementor-element elementor-element-31606827 elementor-widget elementor-widget-heading\" data-id=\"31606827\" data-element_type=\"widget\" data-e-type=\"widget\" data-widget_type=\"heading.default\">\n\t\t\t\t\t<h2 class=\"elementor-heading-title elementor-size-default\">Images<\/h2>\t\t\t\t<\/div>\n\t\t\t\t<div class=\"elementor-element elementor-element-1204cfe8 elementor-widget elementor-widget-text-editor\" data-id=\"1204cfe8\" data-element_type=\"widget\" data-e-type=\"widget\" data-widget_type=\"text-editor.default\">\n\t\t\t\t\t\t\t\t\t<p>Le site peut contenir des images libres de droit prises sur des sites de banque d&rsquo;images en ligne comme <a href=\"https:\/\/unsplash.com\/fr\" target=\"_blank\" rel=\"noopener\">Unsplash<\/a> et\/ou <a href=\"https:\/\/pixabay.com\/fr\/\" target=\"_blank\" rel=\"noopener\">Pixabay<\/a>. Ces photos libres de droit sont con\u00e7ues pour une utilisation libre. Elles peuvent donc \u00eatre utilis\u00e9es pour illustrer le pr\u00e9sent site web, y compris \u00e0 des fins commerciales. Des images g\u00e9n\u00e9r\u00e9es \u00e0 l&rsquo;aide de l&rsquo;IA peuvent aussi illustrer le site web.<\/p>\t\t\t\t\t\t\t\t<\/div>\n\t\t\t\t<\/div>\n\t\t<div class=\"elementor-element elementor-element-1f7938c1 e-con-full e-flex e-con e-child\" data-id=\"1f7938c1\" data-element_type=\"container\" data-e-type=\"container\" data-settings=\"{&quot;background_background&quot;:&quot;classic&quot;}\">\n\t\t\t\t<div class=\"elementor-element elementor-element-da9db37 elementor-widget elementor-widget-heading\" data-id=\"da9db37\" data-element_type=\"widget\" data-e-type=\"widget\" data-widget_type=\"heading.default\">\n\t\t\t\t\t<h2 class=\"elementor-heading-title elementor-size-default\">Propri\u00e9t\u00e9 intellectuelle<\/h2>\t\t\t\t<\/div>\n\t\t\t\t<div class=\"elementor-element elementor-element-7b34f1a5 elementor-widget elementor-widget-text-editor\" data-id=\"7b34f1a5\" data-element_type=\"widget\" data-e-type=\"widget\" data-widget_type=\"text-editor.default\">\n\t\t\t\t\t\t\t\t\t<p>La structure g\u00e9n\u00e9rale du site <strong>jda-architecte.fr<\/strong>, ainsi que les textes, \u00e9l\u00e9ments graphiques, images, sons et vid\u00e9os la composant, sont la propri\u00e9t\u00e9 de l&rsquo;\u00e9diteur ou de ses partenaires.<\/p><p>Toute repr\u00e9sentation et\/ou reproduction et\/ou exploitation partielle ou totale des contenus et services propos\u00e9s par le site web, par quelque proc\u00e9d\u00e9 que ce soit, sans l&rsquo;autorisation pr\u00e9alable et par \u00e9crit de <strong>Mme Julie Douissard<\/strong>\u00a0est strictement interdite et serait susceptible de constituer une contrefa\u00e7on au sens des articles L 335-2 et suivants du Code de la propri\u00e9t\u00e9 intellectuelle.<\/p>\t\t\t\t\t\t\t\t<\/div>\n\t\t\t\t<\/div>\n\t\t<div class=\"elementor-element elementor-element-7f983ee e-con-full e-flex e-con e-child\" data-id=\"7f983ee\" data-element_type=\"container\" data-e-type=\"container\" data-settings=\"{&quot;background_background&quot;:&quot;classic&quot;}\">\n\t\t\t\t<div class=\"elementor-element elementor-element-1725622a elementor-widget elementor-widget-heading\" data-id=\"1725622a\" data-element_type=\"widget\" data-e-type=\"widget\" data-widget_type=\"heading.default\">\n\t\t\t\t\t<h2 class=\"elementor-heading-title elementor-size-default\">Droit applicable<\/h2>\t\t\t\t<\/div>\n\t\t\t\t<div class=\"elementor-element elementor-element-12de7640 elementor-widget elementor-widget-text-editor\" data-id=\"12de7640\" data-element_type=\"widget\" data-e-type=\"widget\" data-widget_type=\"text-editor.default\">\n\t\t\t\t\t\t\t\t\t<p>Tant le pr\u00e9sent site que les modalit\u00e9s et conditions de son utilisation sont r\u00e9gis par le droit fran\u00e7ais, quel que soit le lieu d\u2019utilisation.<\/p><p>En cas de contestation \u00e9ventuelle, et apr\u00e8s l\u2019\u00e9chec de toute tentative de recherche d\u2019une solution amiable, les tribunaux fran\u00e7ais seront seuls comp\u00e9tents pour conna\u00eetre de ce litige.<\/p><p>Pour toute question relative aux pr\u00e9sentes conditions d\u2019utilisation du site, vous pouvez nous \u00e9crire \u00e0 l\u2019adresse suivante : <a href=\"mailto:julie@jda-architecte.fr\" target=\"_blank\" rel=\"noopener\">julie@jda-architecte.fr<\/a><\/p>\t\t\t\t\t\t\t\t<\/div>\n\t\t\t\t<\/div>\n\t\t<div class=\"elementor-element elementor-element-3fa5d84b e-con-full e-flex e-con e-child\" data-id=\"3fa5d84b\" data-element_type=\"container\" data-e-type=\"container\" data-settings=\"{&quot;background_background&quot;:&quot;classic&quot;}\">\n\t\t\t\t<div class=\"elementor-element elementor-element-3ee4c5ce elementor-widget elementor-widget-heading\" data-id=\"3ee4c5ce\" data-element_type=\"widget\" data-e-type=\"widget\" data-widget_type=\"heading.default\">\n\t\t\t\t\t<h2 class=\"elementor-heading-title elementor-size-default\">Conception du site<\/h2>\t\t\t\t<\/div>\n\t\t\t\t<div class=\"elementor-element elementor-element-34b61028 elementor-widget elementor-widget-text-editor\" data-id=\"34b61028\" data-element_type=\"widget\" data-e-type=\"widget\" data-widget_type=\"text-editor.default\">\n\t\t\t\t\t\t\t\t\t<p><strong>1sitewebpro<\/strong><br \/>Url : <a href=\"https:\/\/www.1sitewebpro.fr\" target=\"_blank\" rel=\"noopener\">https:\/\/www.1sitewebpro.fr<\/a><br \/>SIRET : 89455423700020<\/p>\t\t\t\t\t\t\t\t<\/div>\n\t\t\t\t<\/div>\n\t\t<div class=\"elementor-element elementor-element-2df85f99 e-con-full e-flex e-con e-child\" data-id=\"2df85f99\" data-element_type=\"container\" data-e-type=\"container\" data-settings=\"{&quot;background_background&quot;:&quot;classic&quot;}\">\n\t\t\t\t<div class=\"elementor-element elementor-element-20a34d5e elementor-widget elementor-widget-heading\" data-id=\"20a34d5e\" data-element_type=\"widget\" data-e-type=\"widget\" data-widget_type=\"heading.default\">\n\t\t\t\t\t<h2 class=\"elementor-heading-title elementor-size-default\">H\u00e9bergement<\/h2>\t\t\t\t<\/div>\n\t\t\t\t<div class=\"elementor-element elementor-element-10ec940b elementor-widget elementor-widget-text-editor\" data-id=\"10ec940b\" data-element_type=\"widget\" data-e-type=\"widget\" data-widget_type=\"text-editor.default\">\n\t\t\t\t\t\t\t\t\t<p><strong>Ionos<\/strong><br \/>Url : <a href=\"https:\/\/www.ionos.fr\" target=\"_blank\" rel=\"noopener\">https:\/\/www.ionos.fr<\/a><\/p>\t\t\t\t\t\t\t\t<\/div>\n\t\t\t\t<\/div>\n\t\t\t\t<\/div>\n\t\t\t\t<\/div>\n\t\t","protected":false},"excerpt":{"rendered":"<p>R\u00e8glement g\u00e9n\u00e9ral sur la protection des donn\u00e9es Le site jda-architecte.fr s&rsquo;engage \u00e0 ce que la collecte et le traitement de vos donn\u00e9es, effectu\u00e9s \u00e0 partir du site, soient conformes au r\u00e8glement g\u00e9n\u00e9ral sur la protection des donn\u00e9es (RGPD). Chaque formulaire ou t\u00e9l\u00e9service limite la collecte des donn\u00e9es personnelles au strict n\u00e9cessaire (minimisation des donn\u00e9es) et [&hellip;]<\/p>\n","protected":false},"author":1,"featured_media":0,"parent":0,"menu_order":0,"comment_status":"closed","ping_status":"closed","template":"","meta":{"footnotes":""},"class_list":["post-420","page","type-page","status-publish","hentry"],"_links":{"self":[{"href":"https:\/\/1swp-staging-2.ovh\/index.php\/wp-json\/wp\/v2\/pages\/420","targetHints":{"allow":["GET"]}}],"collection":[{"href":"https:\/\/1swp-staging-2.ovh\/index.php\/wp-json\/wp\/v2\/pages"}],"about":[{"href":"https:\/\/1swp-staging-2.ovh\/index.php\/wp-json\/wp\/v2\/types\/page"}],"author":[{"embeddable":true,"href":"https:\/\/1swp-staging-2.ovh\/index.php\/wp-json\/wp\/v2\/users\/1"}],"replies":[{"embeddable":true,"href":"https:\/\/1swp-staging-2.ovh\/index.php\/wp-json\/wp\/v2\/comments?post=420"}],"version-history":[{"count":16,"href":"https:\/\/1swp-staging-2.ovh\/index.php\/wp-json\/wp\/v2\/pages\/420\/revisions"}],"predecessor-version":[{"id":484,"href":"https:\/\/1swp-staging-2.ovh\/index.php\/wp-json\/wp\/v2\/pages\/420\/revisions\/484"}],"wp:attachment":[{"href":"https:\/\/1swp-staging-2.ovh\/index.php\/wp-json\/wp\/v2\/media?parent=420"}],"curies":[{"name":"wp","href":"https:\/\/api.w.org\/{rel}","templated":true}]}}